{"id":3,"date":"2023-08-15T19:22:47","date_gmt":"2023-08-15T17:22:47","guid":{"rendered":"https:\/\/cecati107.com\/?page_id=3"},"modified":"2023-09-27T22:03:26","modified_gmt":"2023-09-27T20:03:26","slug":"politica-privacidad","status":"publish","type":"page","link":"https:\/\/cecati107.com\/index.php\/politica-privacidad\/","title":{"rendered":"AVISO DE PRIVACIDAD INTEGRAL"},"content":{"rendered":"\t\t<div data-elementor-type=\"wp-page\" data-elementor-id=\"3\" class=\"elementor elementor-3\">\n\t\t\t\t<div class=\"elementor-element elementor-element-dbe5cc8 e-flex e-con-boxed e-con e-parent\" data-id=\"dbe5cc8\" data-element_type=\"container\" data-e-type=\"container\">\n\t\t\t\t\t<div class=\"e-con-inner\">\n\t\t\t\t<div class=\"elementor-element elementor-element-7d271f8 elementor-widget__width-initial elementor-widget elementor-widget-image\" data-id=\"7d271f8\" data-element_type=\"widget\" data-e-type=\"widget\" data-widget_type=\"image.default\">\n\t\t\t\t<div class=\"elementor-widget-container\">\n\t\t\t\t\t\t\t\t\t\t\t\t\t\t\t<img fetchpriority=\"high\" decoding=\"async\" width=\"900\" height=\"600\" src=\"https:\/\/cecati107.com\/wp-content\/uploads\/2023\/08\/aviso.png\" class=\"attachment-full size-full wp-image-1572\" alt=\"\" srcset=\"https:\/\/cecati107.com\/wp-content\/uploads\/2023\/08\/aviso.png 900w, https:\/\/cecati107.com\/wp-content\/uploads\/2023\/08\/aviso-300x200.png 300w, https:\/\/cecati107.com\/wp-content\/uploads\/2023\/08\/aviso-768x512.png 768w\" sizes=\"(max-width: 900px) 100vw, 900px\" \/>\t\t\t\t\t\t\t\t\t\t\t\t\t\t\t<\/div>\n\t\t\t\t<\/div>\n\t\t\t\t\t<\/div>\n\t\t\t\t<\/div>\n\t\t\t\t<section class=\"elementor-section elementor-top-section elementor-element elementor-element-78aa21e6 elementor-section-boxed elementor-section-height-default elementor-section-height-default\" data-id=\"78aa21e6\" data-element_type=\"section\" data-e-type=\"section\">\n\t\t\t\t\t\t<div class=\"elementor-container elementor-column-gap-default\">\n\t\t\t\t\t<div class=\"elementor-column elementor-col-100 elementor-top-column elementor-element elementor-element-d9de449\" data-id=\"d9de449\" data-element_type=\"column\" data-e-type=\"column\">\n\t\t\t<div class=\"elementor-widget-wrap elementor-element-populated\">\n\t\t\t\t\t\t<div class=\"elementor-element elementor-element-f9bc5de elementor-widget elementor-widget-text-editor\" data-id=\"f9bc5de\" data-element_type=\"widget\" data-e-type=\"widget\" data-widget_type=\"text-editor.default\">\n\t\t\t\t<div class=\"elementor-widget-container\">\n\t\t\t\t\t\t\t\t\t\n<h2 class=\"wp-block-heading\"><span style=\"color: #b18a4e;\"><strong>Para las personas interesadas en inscribirse como alumnos<\/strong><\/span><\/h2>\n\n<p>La Secretar\u00eda de Educaci\u00f3n P\u00fablica, a trav\u00e9s de la Coordinaci\u00f3n Administrativa de la Direcci\u00f3n General de Centros de Formaci\u00f3n para el Trabajo (DGCFT), con domicilio en Avenida Universidad n\u00famero 1200, Quinto piso, Sector 5-D, Colonia Xoco, Alcald\u00eda Benito Ju\u00e1rez, C\u00f3digo Postal 03330, Ciudad de M\u00e9xico, as\u00ed como en la p\u00e1gina web <a href=\"http:\/\/www.dgcft.sems.gob.mx\"><strong>http:\/\/www.dgcft.sems.gob.mx<\/strong><\/a>, es la responsable del tratamiento de los datos personales que proporcionan, alumnos los cuales ser\u00e1n protegidos conforme a lo dispuesto por la Ley General de Protecci\u00f3n de Datos Personales en Posesi\u00f3n de los Sujetos Obligados, la Ley General de Transparencia y Acceso a la Informaci\u00f3n P\u00fablica, la Ley Federal de Transparencia y Acceso a la Informaci\u00f3n P\u00fablica y dem\u00e1s normatividad que resulte aplicable.<\/p>\n\n<h3 class=\"wp-block-heading\"><span style=\"color: #a02242;\"><strong>\u00bfQu\u00e9 datos personales se recaban y para qu\u00e9 finalidad? <\/strong><\/span><\/h3>\n\n<p>Para el caso de alumnos: Nombre, Clave \u00danica de Registro de Poblaci\u00f3n, nacionalidad, edad, lugar y fecha de nacimiento, sexo, domicilio particular, tel\u00e9fono particular, documentos que acrediten escolaridad, nombre del Padre o Tutor, certificado m\u00e9dico; con la finalidad de integrar su expediente personal e incorporarlos a este Subsistema Educativo.<\/p>\n\n<h3 class=\"wp-block-heading\"><span style=\"color: #a02242;\"><strong>Transferencia de Datos.<\/strong><\/span><\/h3>\n\n<p>Se informa que no se realizar\u00e1n transferencia de datos personales, salvo aqu\u00e9llas que sean necesarias para atender los requerimientos de autoridad competente, debidamente fundados y motivados.<\/p>\n\n<h3 class=\"wp-block-heading\"><span style=\"color: #a02242;\"><strong>Fundamento para el tratamiento de datos personales.<\/strong><\/span><\/h3>\n\n<p>El plantel tratar\u00e1 los datos personales antes se\u00f1alados con fundamento en las Normas de Control Escolar aplicables a los planteles oficiales de Educaci\u00f3n Media Superior, dependientes directamente de la Secretar\u00eda de Educaci\u00f3n P\u00fablica; Normas Generales de Servicios Escolares para los planteles que integran a la DGCFT.<\/p>\n\n<h3 class=\"wp-block-heading\"><span style=\"color: #a02242;\"><strong>\u00bfD\u00f3nde puedo ejercer mis derechos de acceso y correcci\u00f3n de datos personales? <\/strong><\/span><\/h3>\n\n<p>Usted podr\u00e1 ejercer sus derechos de acceso, rectificaci\u00f3n, cancelaci\u00f3n y oposici\u00f3n de sus datos personales (derechos ARCO), directamente en la Unidad de Transparencia de la Secretar\u00eda de Educaci\u00f3n P\u00fablica, ubicada en Republica de Brasil 31, oficina 218, Colonia Centro, C.P. 06020, CDMX; o bien, a trav\u00e9s de la Plataforma Nacional de Transparencia <strong>(http:\/\/www.plataformadetransparencia.org.mx\/)<\/strong>, o en el correo electr\u00f3nico <strong>unidaddeenlace@sep.gob.mx<\/strong>. Si desea conocer el procedimiento para el ejercicio de estos derechos, puede acudir a la Unidad de Transparencia de la SEP, enviar un correo electr\u00f3nico a la direcci\u00f3n antes se\u00f1alada o comunicarse al tel\u00e9fono 36011000 ext. 53470.<\/p>\n\n<h5 class=\"wp-block-heading\">Fecha: 15\/Agosto\/2023.<\/h5>\n\t\t\t\t\t\t\t\t<\/div>\n\t\t\t\t<\/div>\n\t\t\t\t\t<\/div>\n\t\t<\/div>\n\t\t\t\t\t<\/div>\n\t\t<\/section>\n\t\t\t\t<\/div>\n\t\t","protected":false},"excerpt":{"rendered":"<p>Para las personas interesadas en inscribirse como alumnos La Secretar\u00eda de Educaci\u00f3n P\u00fablica, a trav\u00e9s de la Coordinaci\u00f3n Administrativa de la Direcci\u00f3n General de Centros de Formaci\u00f3n para el Trabajo (DGCFT), con domicilio en Avenida Universidad n\u00famero 1200, Quinto piso, Sector 5-D, Colonia Xoco, Alcald\u00eda Benito Ju\u00e1rez, C\u00f3digo Postal 03330, Ciudad de M\u00e9xico, as\u00ed como [&hellip;]<\/p>\n","protected":false},"author":1,"featured_media":0,"parent":0,"menu_order":0,"comment_status":"closed","ping_status":"closed","template":"","meta":{"_uag_custom_page_level_css":"","_monsterinsights_skip_tracking":false,"_monsterinsights_sitenote_active":false,"_monsterinsights_sitenote_note":"","_monsterinsights_sitenote_category":0,"site-sidebar-layout":"default","site-content-layout":"","ast-site-content-layout":"default","site-content-style":"default","site-sidebar-style":"default","ast-global-header-display":"","ast-banner-title-visibility":"","ast-main-header-display":"","ast-hfb-above-header-display":"","ast-hfb-below-header-display":"","ast-hfb-mobile-header-display":"","site-post-title":"","ast-breadcrumbs-content":"","ast-featured-img":"","footer-sml-layout":"","ast-disable-related-posts":"","theme-transparent-header-meta":"","adv-header-id-meta":"","stick-header-meta":"","header-above-stick-meta":"","header-main-stick-meta":"","header-below-stick-meta":"","astra-migrate-meta-layouts":"set","ast-page-background-enabled":"default","ast-page-background-meta":{"desktop":{"background-color":"","background-image":"","background-repeat":"repeat","background-position":"center center","background-size":"auto","background-attachment":"scroll","background-type":"","background-media":"","overlay-type":"","overlay-color":"","overlay-opacity":"","overlay-gradient":""},"tablet":{"background-color":"","background-image":"","background-repeat":"repeat","background-position":"center center","background-size":"auto","background-attachment":"scroll","background-type":"","background-media":"","overlay-type":"","overlay-color":"","overlay-opacity":"","overlay-gradient":""},"mobile":{"background-color":"","background-image":"","background-repeat":"repeat","background-position":"center center","background-size":"auto","background-attachment":"scroll","background-type":"","background-media":"","overlay-type":"","overlay-color":"","overlay-opacity":"","overlay-gradient":""}},"ast-content-background-meta":{"desktop":{"background-color":"var(--ast-global-color-5)","background-image":"","background-repeat":"repeat","background-position":"center center","background-size":"auto","background-attachment":"scroll","background-type":"","background-media":"","overlay-type":"","overlay-color":"","overlay-opacity":"","overlay-gradient":""},"tablet":{"background-color":"var(--ast-global-color-5)","background-image":"","background-repeat":"repeat","background-position":"center center","background-size":"auto","background-attachment":"scroll","background-type":"","background-media":"","overlay-type":"","overlay-color":"","overlay-opacity":"","overlay-gradient":""},"mobile":{"background-color":"var(--ast-global-color-5)","background-image":"","background-repeat":"repeat","background-position":"center center","background-size":"auto","background-attachment":"scroll","background-type":"","background-media":"","overlay-type":"","overlay-color":"","overlay-opacity":"","overlay-gradient":""}},"footnotes":""},"class_list":["post-3","page","type-page","status-publish","hentry"],"uagb_featured_image_src":{"full":false,"thumbnail":false,"medium":false,"medium_large":false,"large":false,"1536x1536":false,"2048x2048":false},"uagb_author_info":{"display_name":"cecati107web","author_link":"https:\/\/cecati107.com\/index.php\/author\/cecati107web\/"},"uagb_comment_info":0,"uagb_excerpt":"Para las personas interesadas en inscribirse como alumnos La Secretar\u00eda de Educaci\u00f3n P\u00fablica, a trav\u00e9s de la Coordinaci\u00f3n Administrativa de la Direcci\u00f3n General de Centros de Formaci\u00f3n para el Trabajo (DGCFT), con domicilio en Avenida Universidad n\u00famero 1200, Quinto piso, Sector 5-D, Colonia Xoco, Alcald\u00eda Benito Ju\u00e1rez, C\u00f3digo Postal 03330, Ciudad de M\u00e9xico, as\u00ed como&hellip;","_links":{"self":[{"href":"https:\/\/cecati107.com\/index.php\/wp-json\/wp\/v2\/pages\/3","targetHints":{"allow":["GET"]}}],"collection":[{"href":"https:\/\/cecati107.com\/index.php\/wp-json\/wp\/v2\/pages"}],"about":[{"href":"https:\/\/cecati107.com\/index.php\/wp-json\/wp\/v2\/types\/page"}],"author":[{"embeddable":true,"href":"https:\/\/cecati107.com\/index.php\/wp-json\/wp\/v2\/users\/1"}],"replies":[{"embeddable":true,"href":"https:\/\/cecati107.com\/index.php\/wp-json\/wp\/v2\/comments?post=3"}],"version-history":[{"count":12,"href":"https:\/\/cecati107.com\/index.php\/wp-json\/wp\/v2\/pages\/3\/revisions"}],"predecessor-version":[{"id":2831,"href":"https:\/\/cecati107.com\/index.php\/wp-json\/wp\/v2\/pages\/3\/revisions\/2831"}],"wp:attachment":[{"href":"https:\/\/cecati107.com\/index.php\/wp-json\/wp\/v2\/media?parent=3"}],"curies":[{"name":"wp","href":"https:\/\/api.w.org\/{rel}","templated":true}]}}